{"id":592,"date":"2023-05-10T12:27:32","date_gmt":"2023-05-10T15:27:32","guid":{"rendered":"https:\/\/fidelity.com.br\/?page_id=592"},"modified":"2023-09-06T14:51:40","modified_gmt":"2023-09-06T17:51:40","slug":"terminos-y-condiciones-de-uso","status":"publish","type":"page","link":"https:\/\/www.fidelity.com.br\/es\/terminos-y-condiciones-de-uso\/","title":{"rendered":"T\u00e9rminos y condiciones de uso"},"content":{"rendered":"\t\t<div data-elementor-type=\"wp-page\" data-elementor-id=\"592\" class=\"elementor elementor-592\" data-elementor-settings=\"{&quot;ha_cmc_init_switcher&quot;:&quot;no&quot;}\" data-elementor-post-type=\"page\">\n\t\t\t\t<div class=\"elementor-element elementor-element-bed053f e-flex e-con-boxed e-con e-parent\" data-id=\"bed053f\" data-element_type=\"container\" data-settings=\"{&quot;background_background&quot;:&quot;classic&quot;}\">\n\t\t\t\t\t<div class=\"e-con-inner\">\n\t\t\t\t<div class=\"elementor-element elementor-element-5ff2e4d elementor-widget elementor-widget-heading\" data-id=\"5ff2e4d\" data-element_type=\"widget\" data-widget_type=\"heading.default\">\n\t\t\t\t<div class=\"elementor-widget-container\">\n\t\t\t\t\t<h1 class=\"elementor-heading-title elementor-size-default\">T\u00e9rminos y condiciones de uso<\/h1>\t\t\t\t<\/div>\n\t\t\t\t<\/div>\n\t\t\t\t\t<\/div>\n\t\t\t\t<\/div>\n\t\t<div class=\"elementor-element elementor-element-a9f4180 e-flex e-con-boxed e-con e-parent\" data-id=\"a9f4180\" data-element_type=\"container\">\n\t\t\t\t\t<div class=\"e-con-inner\">\n\t\t\t\t<div class=\"elementor-element elementor-element-6e11806 elementor-widget elementor-widget-text-editor\" data-id=\"6e11806\" data-element_type=\"widget\" data-widget_type=\"text-editor.default\">\n\t\t\t\t<div class=\"elementor-widget-container\">\n\t\t\t\t\t\t\t\t\t<h4 class=\"wp-block-heading\">T\u00e9rminos y condiciones de uso<\/h4><p>\u00a1Bienvenido al sitio web de Fidelity Translations!<\/p><p>Estos t\u00e9rminos y condiciones describen las reglas de uso del sitio web de Fidelity Translations, ubicado en https:\/\/www.fidelity.com.br\/.<\/p><p>Al acceder a este sitio web, asumimos que est\u00e1 de acuerdo con los t\u00e9rminos y condiciones a continuaci\u00f3n. No contin\u00fae utilizando el sitio web de Fidelity Translations si no est\u00e1 de acuerdo con los t\u00e9rminos y condiciones descritos en este acuerdo.<\/p><h4 class=\"wp-block-heading\">Cookies:<\/h4><p>El sitio utiliza cookies para ayudar a personalizar su experiencia en Internet. Al acceder al sitio web de Fidelity Translations, usted acepta el uso de las cookies requeridas.<\/p><p>Las cookies son archivos de texto colocados en su disco duro por un servidor de p\u00e1ginas web. No se permite que las cookies ejecuten programas o transfieran virus a su computadora. Las cookies se asocian exclusivamente con usted y solo pueden ser le\u00eddas por el servidor web del dominio que emiti\u00f3 la cookie.<\/p><p>Podemos utilizar cookies para recopilar, almacenar o rastrear informaci\u00f3n con fines estad\u00edsticos y de marketing en nuestro sitio web. Tiene la opci\u00f3n de aceptar o rechazar las cookies opcionales. Hay algunas cookies obligatorias, que son necesarias para el funcionamiento de nuestro sitio web. Estas cookies obligatorias requieren su consentimiento. Tenga en cuenta que al aceptar cookies obligatorias, tambi\u00e9n acepta cookies de terceros, que pueden ser utilizadas por terceros si utiliza servicios proporcionados por ellos en nuestro sitio web, por ejemplo, una ventana de reproducci\u00f3n de video proporcionada por empresas de terceros y integrado en nuestro sitio web.<\/p><h4 class=\"wp-block-heading\">Licencia:<\/h4><p>Salvo que se indique lo contrario, Fidelity Translations y sus licenciantes conservan los derechos de propiedad intelectual de todo el material publicado en el sitio. Todos los derechos de propiedad intelectual est\u00e1n reservados.<\/p><p>No tienes permitido:<\/p><p>Copie o vuelva a publicar material de Fidelity Translations<br \/>Vender, alquilar o subarrendar materiales de Fidelity Translations<br \/>Reproducir, duplicar o copiar material de Fidelity Translations<br \/>Redistribuir contenido de Fidelity Translations<br \/>Este Acuerdo entrar\u00e1 en vigencia a partir de la presente fecha.<\/p><p>Partes de este sitio ofrecen al usuario la oportunidad de publicar y discutir opiniones e informaci\u00f3n en ciertas \u00e1reas. Fidelity Translations no filtra, edita, publica ni revisa los comentarios antes de que aparezcan en el sitio. Los comentarios reflejan las opiniones de la persona que los publica. En la medida en que lo permitan las leyes aplicables, Fidelity Translations no es legalmente responsable por los comentarios o cualquier da\u00f1o, riesgo o gasto causado o sufrido como resultado del uso, publicaci\u00f3n y\/o aparici\u00f3n de comentarios en este sitio.<\/p><p>Fidelity Translations se reserva el derecho de eliminar cualquier comentario que pueda considerarse inapropiado, ofensivo o en violaci\u00f3n de los T\u00e9rminos y Condiciones de este acuerdo.<\/p><p>Usted declara y garantiza que:<\/p><p>Tiene derecho a publicar comentarios en nuestro sitio y tiene todas las licencias y consentimientos para hacerlo;<br \/>Los comentarios no se entrometen en ninguna propiedad intelectual, incluidos los derechos de autor, patentes o marcas comerciales de terceros;<br \/>Los comentarios no contienen material difamatorio, calumnioso, ofensivo, indecente o ilegal, que es una invasi\u00f3n de la privacidad.<br \/>Los comentarios no se utilizar\u00e1n para solicitar o promover negocios o presentar actividades comerciales o ilegales.<br \/>Por la presente, otorga a Fidelity Translations una licencia no exclusiva para usar, reproducir, editar y autorizar a otros a usar, reproducir o editar cualquiera de sus comentarios en cualquiera y todas las formas, formatos y medios.<\/p><h4 class=\"wp-block-heading\">Crear enlaces a nuestro contenido<\/h4><p>Las siguientes organizaciones pueden vincular a nuestro sitio web sin aprobaci\u00f3n previa por escrito:<\/p><p>agencias gubernamentales;<br \/>Los motores de b\u00fasqueda;<br \/>organizaciones de medios;<br \/>Los distribuidores de directorios en l\u00ednea pueden insertar enlaces a nuestro sitio web de la misma manera que insertan hiperv\u00ednculos a sitios web de otras empresas que cotizan en bolsa; y<br \/>Empresas acreditadas, excepto las organizaciones de recaudaci\u00f3n de fondos sin fines de lucro y los grupos de recaudaci\u00f3n de fondos ben\u00e9ficos, que no pueden vincularse a nuestro sitio web sin aprobaci\u00f3n previa.<br \/>Estas organizaciones pueden publicar enlaces a nuestra p\u00e1gina de inicio, nuestras publicaciones u otra informaci\u00f3n en el Sitio, siempre que el enlace: (a) no sea enga\u00f1oso de ninguna manera; (b) no implica falsamente la existencia de una relaci\u00f3n de patrocinio, respaldo o aprobaci\u00f3n por nuestra parte de productos y\/o servicios; y (c) es apropiado para el contexto en el que se inserta.<\/p><p>Podemos considerar y aprobar solicitudes de enlace realizadas por los siguientes tipos de organizaciones:<\/p><p>fuentes conocidas de informaci\u00f3n sobre productos y negocios;<br \/>sitios de la comunidad dot.com;<br \/>asociaciones y otros grupos que representan organizaciones ben\u00e9ficas;<br \/>distribuidores de directorios en l\u00ednea;<br \/>portales de internet;<br \/>firmas de contabilidad, leyes y consultor\u00eda; y<br \/>instituciones educativas y asociaciones de clase.<br \/>Podemos aprobar solicitudes de enlace realizadas por los tipos de organizaciones enumeradas anteriormente si creemos que: (a) el enlace no es desfavorable para nuestra imagen y\/o la imagen de las empresas acreditadas; (b) la organizaci\u00f3n solicitante no tiene antecedentes negativos con nosotros; (c) el beneficio que obtenemos de la visibilidad del enlace de Fidelity Translations; y (d) el enlace se colocar\u00e1 en un contexto informativo general.<\/p><p>Estas organizaciones pueden publicar enlaces a nuestra p\u00e1gina de inicio siempre que el enlace: (a) no sea enga\u00f1oso de ninguna manera; (b) no implicar falsamente la existencia de un patrocinio, respaldo o aprobaci\u00f3n de productos y\/o servicios de nuestra parte; y (c) es apropiado para el contexto en el que se inserta.<\/p><p>Si usted representa a una de las organizaciones enumeradas en el p\u00e1rrafo 2 anterior y est\u00e1 interesado en publicar un enlace a nuestro sitio web, debe informarnos de su inter\u00e9s enviando un correo electr\u00f3nico a ti@fidelitytranslations.com.br. Incluya su nombre, el nombre de su organizaci\u00f3n y su informaci\u00f3n de contacto, as\u00ed como la URL de su sitio web, una lista de las URL de nuestro sitio web que pretende utilizar como enlaces y una lista de los sitios web en los que pretende publicar nuestras URL. Espere entre 2 y 3 semanas para recibir una respuesta.<\/p><p>Las organizaciones aprobadas pueden publicar enlaces a nuestro sitio web de las siguientes maneras:<\/p><p>Usando nuestro nombre corporativo; o<br \/>Usando la URL a la que redirige el enlace; o<br \/>Usar cualquier otra descripci\u00f3n de nuestro Sitio que tenga sentido dentro del contexto y formato del contenido donde se inserta el enlace.<br \/>No se permitir\u00e1 el uso o publicaci\u00f3n de enlaces al logotipo de Fidelity Translations y\/u otros elementos visuales sin un acuerdo de licencia para el uso de la marca registrada.<\/p><h4 class=\"wp-block-heading\">Responsabilidad del contenido:<\/h4><p>No seremos legalmente responsables de ning\u00fan contenido que aparezca en nuestro sitio web. Usted acepta protegernos y defendernos contra todas las acusaciones que se presenten contra nuestro sitio. No aparecer\u00e1 ning\u00fan enlace en ning\u00fan sitio web que pueda interpretarse como difamatorio, obsceno, criminal, o que infrinja, viole o propugne la violaci\u00f3n de los derechos de cualquier tercero.<\/p><h4 class=\"wp-block-heading\">Reserva de Derechos:<\/h4><p>Nos reservamos el derecho de pedirle que elimine todos los enlaces o cualquier enlace que redirija a nuestro sitio web. Usted acepta eliminar inmediatamente todos los enlaces a nuestro sitio web tan pronto como se solicite la eliminaci\u00f3n. Tambi\u00e9n nos reservamos el derecho de modificar y cambiar estos t\u00e9rminos y condiciones en cualquier momento. Al publicar continuamente enlaces a nuestro sitio, usted acepta estar sujeto a estos t\u00e9rminos y condiciones de enlace.<\/p><h4 class=\"wp-block-heading\">Eliminaci\u00f3n de enlaces publicados en nuestro sitio web:<\/h4><p>Si encuentra alg\u00fan enlace en nuestro sitio web que sea de alg\u00fan modo ofensivo, puede ponerse en contacto con nosotros e informarnos del problema en cualquier momento. Consideraremos solicitudes para eliminar enlaces, pero no estamos obligados a eliminar ning\u00fan enlace de nuestro sitio web ni a responder directamente a su solicitud.<\/p><p>No garantizamos que la informaci\u00f3n contenida en estos enlaces sea correcta. No garantizamos la integridad o exactitud del contenido. No garantizamos que el sitio web permanezca disponible o que el material del sitio web se mantenga actualizado.<\/p><h4 class=\"wp-block-heading\">Declaraci\u00f3n de exenci\u00f3n de responsabilidad<\/h4><p>En la m\u00e1xima medida permitida por la ley, excluimos todas las representaciones, garant\u00edas y condiciones relacionadas con nuestro sitio web y su uso de este sitio web. Nada en este descargo de responsabilidad:<\/p><p>limitar o excluir nuestra responsabilidad o su responsabilidad por muerte o lesiones personales;<br \/>limitar o excluir nuestra responsabilidad o su responsabilidad por fraude o tergiversaci\u00f3n fraudulenta;<br \/>limitar nuestra responsabilidad o su responsabilidad de cualquier manera que no est\u00e9 permitida por la ley; excluir cualquier responsabilidad suya o nuestra que no pueda ser excluida bajo la ley aplicable.<br \/>Las limitaciones y prohibiciones de responsabilidad enumeradas en esta Secci\u00f3n y en otras partes de esta declaraci\u00f3n: (a) est\u00e1n sujetas al p\u00e1rrafo anterior; y (b) rigen todas las responsabilidades que surjan en virtud de la declaraci\u00f3n, incluidas las responsabilidades que surjan por contrato, agravio e incumplimiento de obligaciones legales.<\/p><p>Siempre que el sitio web y la informaci\u00f3n y los servicios del sitio web se ofrezcan de forma gratuita, no seremos responsables de da\u00f1os de ning\u00fan tipo.<\/p>\t\t\t\t\t\t\t\t<\/div>\n\t\t\t\t<\/div>\n\t\t\t\t\t<\/div>\n\t\t\t\t<\/div>\n\t\t\t\t<\/div>\n\t\t","protected":false},"excerpt":{"rendered":"<p>T\u00e9rminos y condiciones de uso \u00a1Bienvenido al sitio web de Fidelity Translations! Estos t\u00e9rminos y condiciones describen las reglas de uso del sitio web de Fidelity Translations, ubicado en https:\/\/www.fidelity.com.br\/. Al acceder a este sitio web, asumimos que est\u00e1 de acuerdo con los t\u00e9rminos y condiciones a continuaci\u00f3n. No contin\u00fae utilizando el sitio web de [&hellip;]<\/p>\n","protected":false},"author":1,"featured_media":0,"parent":0,"menu_order":0,"comment_status":"closed","ping_status":"closed","template":"elementor_header_footer","meta":{"footnotes":""},"class_list":["post-592","page","type-page","status-publish","hentry"],"_links":{"self":[{"href":"https:\/\/www.fidelity.com.br\/es\/wp-json\/wp\/v2\/pages\/592","targetHints":{"allow":["GET"]}}],"collection":[{"href":"https:\/\/www.fidelity.com.br\/es\/wp-json\/wp\/v2\/pages"}],"about":[{"href":"https:\/\/www.fidelity.com.br\/es\/wp-json\/wp\/v2\/types\/page"}],"author":[{"embeddable":true,"href":"https:\/\/www.fidelity.com.br\/es\/wp-json\/wp\/v2\/users\/1"}],"replies":[{"embeddable":true,"href":"https:\/\/www.fidelity.com.br\/es\/wp-json\/wp\/v2\/comments?post=592"}],"version-history":[{"count":11,"href":"https:\/\/www.fidelity.com.br\/es\/wp-json\/wp\/v2\/pages\/592\/revisions"}],"predecessor-version":[{"id":7979,"href":"https:\/\/www.fidelity.com.br\/es\/wp-json\/wp\/v2\/pages\/592\/revisions\/7979"}],"wp:attachment":[{"href":"https:\/\/www.fidelity.com.br\/es\/wp-json\/wp\/v2\/media?parent=592"}],"curies":[{"name":"wp","href":"https:\/\/api.w.org\/{rel}","templated":true}]}}