{"id":582,"date":"2023-05-10T12:21:29","date_gmt":"2023-05-10T15:21:29","guid":{"rendered":"https:\/\/fidelity.com.br\/?page_id=582"},"modified":"2023-09-06T14:50:10","modified_gmt":"2023-09-06T17:50:10","slug":"politica-de-privacidad","status":"publish","type":"page","link":"https:\/\/www.fidelity.com.br\/es\/politica-de-privacidad\/","title":{"rendered":"Pol\u00edtica de privacidad"},"content":{"rendered":"\t\t<div data-elementor-type=\"wp-page\" data-elementor-id=\"582\" class=\"elementor elementor-582\" data-elementor-settings=\"{&quot;ha_cmc_init_switcher&quot;:&quot;no&quot;}\" data-elementor-post-type=\"page\">\n\t\t\t\t<div class=\"elementor-element elementor-element-45074cb e-flex e-con-boxed e-con e-parent\" data-id=\"45074cb\" data-element_type=\"container\" data-settings=\"{&quot;background_background&quot;:&quot;classic&quot;}\">\n\t\t\t\t\t<div class=\"e-con-inner\">\n\t\t\t\t<div class=\"elementor-element elementor-element-22c7bb3 elementor-widget elementor-widget-heading\" data-id=\"22c7bb3\" data-element_type=\"widget\" data-widget_type=\"heading.default\">\n\t\t\t\t<div class=\"elementor-widget-container\">\n\t\t\t\t\t<h1 class=\"elementor-heading-title elementor-size-default\">Pol\u00edtica de privacidad<\/h1>\t\t\t\t<\/div>\n\t\t\t\t<\/div>\n\t\t\t\t\t<\/div>\n\t\t\t\t<\/div>\n\t\t<div class=\"elementor-element elementor-element-b80ea5e e-flex e-con-boxed e-con e-parent\" data-id=\"b80ea5e\" data-element_type=\"container\">\n\t\t\t\t\t<div class=\"e-con-inner\">\n\t\t\t\t<div class=\"elementor-element elementor-element-9a60fc9 elementor-widget elementor-widget-text-editor\" data-id=\"9a60fc9\" data-element_type=\"widget\" data-widget_type=\"text-editor.default\">\n\t\t\t\t<div class=\"elementor-widget-container\">\n\t\t\t\t\t\t\t\t\t<p><strong>CONSULTA NUESTRA POL\u00cdTICA DE PRIVACIDAD<\/strong><\/p><p>Fidelity Translations valora la privacidad de quienes nos proporcionan sus Datos Personales. Esta Pol\u00edtica de privacidad (\u201cPol\u00edtica\u201d) describe c\u00f3mo y por qu\u00e9 motivos recopilamos, almacenamos y procesamos Datos personales y proporciona informaci\u00f3n sobre los derechos de los titulares.<\/p><p>Esta Pol\u00edtica se aplica a los Datos personales que nos proporciona un individuo o un tercero. Podemos utilizar los Datos personales que se nos proporcionen para cualquiera de los fines establecidos en esta Pol\u00edtica, o como se describe en el tema sobre la recopilaci\u00f3n.<\/p><p><strong><u>En esta Pol\u00edtica, utilizamos los t\u00e9rminos:<\/u><\/strong><\/p><p>\u201cNosotros\u201d, \u201cnuestro\u201d y \u201cnuestro\u201d (y otros t\u00e9rminos similares) para referirse a cualquier entidad que sea miembro de Fidelity Translations, lo que incluye a sus socios, contratistas, pasantes, empleados administrativos y otros miembros directamente relacionados con Fidelity Translations. En este caso, Fidelity Translations act\u00faa como controlador de Datos Personales y es responsable de tomar decisiones relacionadas con el procesamiento de datos de los sujetos. Por ello, tenemos la obligaci\u00f3n legal de llevar un registro de las operaciones de tratamiento que realizamos, indicando la finalidad, plazo, garant\u00edas de seguridad, privacidad y registros de consentimiento (seg\u00fan corresponda);<\/p><p>\u201cDatos Personales\u201d para referirse a cualquier informaci\u00f3n relativa a una persona f\u00edsica identificada o identificable, que pueda ser identificada, directa o indirectamente; y,<\/p><p>\u201cUsted\u201d, \u201csu\u201d y \u201csu\u201d (y otros t\u00e9rminos similares) para referirse a nuestros clientes, personas relacionadas con nuestros clientes, contactos, proveedores, solicitantes de empleo, empleados y visitantes del sitio web de Fidelity Translations, www .fidelity.com .br. En este caso, usted es el interesado y, por ello, tiene determinados derechos que a continuaci\u00f3n le detallamos.<\/p><p><strong><u>Base legal para el tratamiento<\/u><\/strong><\/p><p>Nosotros en Fidelity Translations, como controladores, solo procesaremos Datos personales cuando tengamos una base legal para hacerlo. Esta base legal para nuestro procesamiento de Datos Personales corresponder\u00e1 a una de las siguientes situaciones:<\/p><p>\u2013 el sujeto nos ha dado su consentimiento para el procesamiento de sus Datos Personales para uno o m\u00e1s prop\u00f3sitos espec\u00edficos;<\/p><p>\u2013 el procesamiento es necesario para la ejecuci\u00f3n de un contrato que hemos celebrado o celebraremos con usted;<\/p><p>\u2013 el procesamiento es necesario para lograr nuestros intereses leg\u00edtimos; o,<\/p><p>\u2013 el procesamiento es necesario para cumplir con una obligaci\u00f3n legal.<\/p><p><strong><u>Sus derechos en relaci\u00f3n con los Datos Personales<\/u><\/strong><\/p><p>En determinadas circunstancias, usted, como titular de Datos Personales, podr\u00e1 ejercer los siguientes derechos:<\/p><p>\u2013 confirmar que estamos procesando datos personales relacionados con usted;<\/p><p>\u2013 solicitar que divulguemos o le proporcionemos acceso, de manera clara, adecuada y visible, a la informaci\u00f3n relacionada con el procesamiento de sus Datos personales, as\u00ed como a los datos espec\u00edficos que recopilamos sobre usted;<\/p><p>\u2013 conocer las categor\u00edas de fuentes de las que recopilamos sus Datos personales, el prop\u00f3sito de su procesamiento, el per\u00edodo durante el cual se almacenar\u00e1n y las categor\u00edas de terceros con quienes compartimos sus Datos personales;<\/p><p>\u2013 corregir cualquier informaci\u00f3n incorrecta, incompleta o desactualizada que tengamos sobre sus Datos personales;<\/p><p>\u2013 solicitar, en cualquier momento, la eliminaci\u00f3n de sus Datos Personales, a menos que dicha solicitud sea contraria a las obligaciones de retenci\u00f3n que se detallan a continuaci\u00f3n;<\/p><p>\u2013 solicitar, en cualquier momento, la anonimizaci\u00f3n o el bloqueo de sus Datos Personales que no sean requeridos o tratados de conformidad con la ley;<\/p><p>\u2013 ser informado, en su caso, sobre las entidades p\u00fablicas y privadas con las que compartimos sus Datos Personales; y,<\/p><p>\u2013 revocar su consentimiento en cualquier momento respecto al tratamiento de sus Datos Personales.<\/p><p>Adem\u00e1s, si ya no desea recibir ning\u00fan material de marketing de nuestra parte, utilice la opci\u00f3n de cancelaci\u00f3n de suscripci\u00f3n (que est\u00e1 disponible en todos nuestros correos electr\u00f3nicos de marketing) o cont\u00e1ctenos en: dpo@fidelity.com.br.<\/p><p>Para ejercer los derechos que le otorga la Ley General de Protecci\u00f3n de Datos y aclarar cualquier duda sobre c\u00f3mo recopilamos, almacenamos y utilizamos sus Datos Personales, cont\u00e1ctenos en dpo@fidelity.com.br. Estaremos encantados de aclarar cualquier duda.<\/p><p><strong><u>Datos personales recopilados<\/u><\/strong><\/p><p>Nuestro objetivo es ser transparentes sobre por qu\u00e9 y c\u00f3mo manejamos los datos personales. Por lo tanto, si en alg\u00fan momento necesitamos procesar sus Datos personales para cualquier otro prop\u00f3sito que no se describa aqu\u00ed, le pediremos su consentimiento antes de continuar, a menos que el procesamiento sea necesario para cumplir con una obligaci\u00f3n legal o debido a nuestros intereses leg\u00edtimos. En cualquier caso, a continuaci\u00f3n encontrar\u00e1 m\u00e1s informaci\u00f3n sobre nuestras actividades de tratamiento:<\/p><p><strong><u>Informacion recolectada<\/u><\/strong><\/p><p>\u2013 Clientes<\/p><p>Nombre, direcci\u00f3n de correo electr\u00f3nico, t\u00edtulo, n\u00famero de tel\u00e9fono, \u00e1rea comercial y otra informaci\u00f3n que nos proporcione que se relacione con el proyecto que podamos desarrollar juntos.<\/p><p><strong><u>Prop\u00f3sitos<\/u><\/strong><\/p><p>\u2013 Otorgar acceso a nuestros servicios en base a la informaci\u00f3n que ha proporcionado.<\/p><p>\u2013 Prestaci\u00f3n de servicios de traducci\u00f3n o consultor\u00eda de idiomas: Usaremos y divulgaremos los Datos personales de cualquier manera que consideremos necesaria para brindar mejor nuestros servicios. Por ejemplo, es posible que necesitemos instruir a un traductor o revisor, en este u otro lugar, en su nombre (incluyendo c\u00f3mo contactarlo), para aclarar t\u00e9rminos t\u00e9cnicos espec\u00edficos en relaci\u00f3n con un proyecto que estamos desarrollando, con el objetivo de su perfecta adaptaci\u00f3n en idioma extranjero, con el fin de lograr el objetivo que nos propongas.<\/p><p>\u2013 Administraci\u00f3n: para cobrar tarifas adeudadas por la ejecuci\u00f3n de nuestros proyectos o costos en relaci\u00f3n con nuestros servicios o con fines de an\u00e1lisis crediticio.<\/p><p>\u2013 Gestionar las relaciones con los clientes: proporcionar a los clientes informaci\u00f3n sobre nuestros servicios y actualizaciones legales que consideremos relevantes; organizar y coordinar equipos profesionales; e identificar puntos en los que podemos realizar mejoras en la prestaci\u00f3n de servicios.<\/p><p>\u2013 visitantes del sitio<\/p><p>Historial de navegaci\u00f3n (p\u00e1ginas visitadas, fecha, hora, ubicaci\u00f3n y direcci\u00f3n IP), cada vez que accede al sitio web.<\/p><p>Nombre, direcci\u00f3n de correo electr\u00f3nico, cargo, n\u00famero de tel\u00e9fono, \u00e1rea comercial, nivel de reporte, jurisdicci\u00f3n, idioma, antig\u00fcedad en el puesto y otra informaci\u00f3n de contacto comercial.<\/p><p><strong><u>Prop\u00f3sitos<\/u><\/strong><\/p><p>\u2013 Otorgar acceso a nuestros servicios en base a la informaci\u00f3n que ha proporcionado.<\/p><p>\u2013 Garantizar la seguridad de su informaci\u00f3n; prevenir el fraude, el acceso no autorizado y otros usos inapropiados o il\u00edcitos de su informaci\u00f3n.<\/p><p>\u2013 Desarrollar y mejorar nuestros m\u00e9todos de comunicaci\u00f3n, servicios y otras funciones del sitio web.<\/p><p>\u2013 Tambi\u00e9n utilizamos cookies en nuestro sitio web para brindarle una experiencia m\u00e1s personalizada en el futuro al comprender y recordar sus preferencias espec\u00edficas de navegaci\u00f3n. Esta informaci\u00f3n no se compartir\u00e1 con terceros sin su consentimiento y se eliminar\u00e1 o anonimizar\u00e1, en caso de no uso, para cumplir con las obligaciones legales.<\/p><p>\u2013 Contacta con nosotros si solicitas informaci\u00f3n sobre nuestros servicios.<\/p><p>\u2013 Brindarle informaci\u00f3n relacionada con nuestro sitio web y mantenerlo informado sobre nuestros servicios, cambios en esta Pol\u00edtica o en su cuenta.<\/p><p>\u2013 Para fines de contacto y comunicaci\u00f3n: le enviaremos actualizaciones legales de vez en cuando, noticias sobre eventos que estamos organizando o participando y\/u otra informaci\u00f3n sobre nosotros y nuestros servicios que creemos que pueden ser de su inter\u00e9s.<\/p><p>\u2013 Tambi\u00e9n podemos usar sus Datos personales para realizar an\u00e1lisis, como tendencias de ventas, efectividad de marketing (como tasas de clics y de apertura) y progreso. Esta informaci\u00f3n no se compartir\u00e1 con terceros sin su consentimiento y se eliminar\u00e1 o anonimizar\u00e1, en caso de no uso, para cumplir con las obligaciones legales.<\/p><p>\u2013 Candidatos a vacantes de empleo<\/p><p>El nombre, la direcci\u00f3n de correo electr\u00f3nico, el n\u00famero de tel\u00e9fono y otra informaci\u00f3n de contacto comercial, as\u00ed como su curr\u00edculum, se pueden recopilar al presentar la solicitud virtualmente.<\/p><p><strong><u>Prop\u00f3sitos<\/u><\/strong><\/p><p>\u2013 Otorgar acceso a nuestros servicios en base a la informaci\u00f3n que ha proporcionado.<\/p><p>\u2013 P\u00f3ngase en contacto con nosotros si necesita ayuda mientras navega por nuestro sitio web o utiliza nuestros servicios.<\/p><p>\u2013 Contactarlo sobre oportunidades laborales que puedan interesarle y presentarle ofertas de trabajo.<\/p><p>\u2013 Invitarle a participar en entrevistas.<\/p><p>\u2013 Guarde su CV en nuestra base de datos para futuras oportunidades, en caso de que est\u00e9 interesado en recibir alertas futuras.<\/p><p>\u2013 estudiantes<\/p><p>Nombre, direcci\u00f3n de correo electr\u00f3nico, instituci\u00f3n educativa, n\u00famero de tel\u00e9fono, campo de estudio y cualquier informaci\u00f3n que pueda proporcionar con respecto a la posibilidad de una pasant\u00eda.<\/p><p><strong><u>Prop\u00f3sitos<\/u><\/strong><\/p><p>\u2013 Contactar contigo sobre oportunidades laborales que puedan ser de tu inter\u00e9s y presentar propuestas de pr\u00e1cticas.<\/p><p>\u2013 Invitarle a participar en entrevistas.<\/p><p>\u2013 Ex empleados<\/p><p>\u2013 Nombre, direcci\u00f3n de correo electr\u00f3nico, n\u00famero de tel\u00e9fono, \u00e1rea de especializaci\u00f3n y cualquier informaci\u00f3n que pueda proporcionarnos al finalizar.<\/p><p><strong><u>Prop\u00f3sitos<\/u><\/strong><\/p><p>Proporcionar referencias profesionales y contactarlo para cualquier prop\u00f3sito.<\/p><p><strong><u>\u00bfCu\u00e1nto tiempo podemos conservar sus Datos Personales?<\/u><\/strong><\/p><p>Los Datos Personales se almacenan durante el tiempo que sea necesario para los fines descritos anteriormente (siendo esta la duraci\u00f3n de nuestra relaci\u00f3n).<\/p><p>Podemos eliminar su informaci\u00f3n de contacto de nuestra base de datos, as\u00ed como sus Datos personales, seg\u00fan su solicitud. Sin embargo, si opta por no recibir materiales de marketing, sus Datos personales se seguir\u00e1n almacenando (ya que nuestros profesionales a\u00fan pueden contactarlo), pero ya no se enviar\u00e1n materiales de marketing.<\/p><p>Tenemos la obligaci\u00f3n legal de almacenar registros de acceso (es decir, las fechas y horas en que se utiliz\u00f3 una aplicaci\u00f3n, desde una direcci\u00f3n IP determinada) de nuestro sitio web durante un per\u00edodo de 6 meses, sujeto a extensi\u00f3n a pedido de las autoridades competentes.<\/p><p>Adem\u00e1s, tambi\u00e9n estamos obligados a almacenar evidencia de su consentimiento para el procesamiento de Datos personales durante la duraci\u00f3n de nuestra relaci\u00f3n comercial.<\/p><p><strong><u>\u00bfQui\u00e9n m\u00e1s puede tener acceso a sus Datos Personales?<\/u><\/strong><\/p><p>Usted reconoce y acepta que es posible que necesitemos compartir sus Datos personales con terceros. Solo compartiremos Datos personales si estamos y estamos legalmente autorizados para hacerlo.<\/p><p>Al proporcionarnos Datos personales, como cliente, usted reconoce y acepta que podemos compartir sus Datos personales de cualquier manera que consideremos necesaria para la prestaci\u00f3n de nuestros servicios, como se describe en esta Pol\u00edtica o como lo requiere la ley aplicable. Esto puede deberse a que, por ejemplo, podemos compartir sus Datos personales con terceros:<\/p><p>\u2013 como socios comerciales, proveedores de servicios y otros terceros afiliados: para brindarle nuestros servicios, es posible que debamos compartir sus Datos personales con nuestros socios comerciales (incluidos otros profesionales como traductores, correctores, contadores o auditores), proveedores de servicios servicios externos y\/o notar\u00edas y notarios en general. Nuestros acuerdos con proveedores de servicios externos cubren actualmente la prestaci\u00f3n de servicios de soporte, incluidos TI, gesti\u00f3n de actividades, producci\u00f3n de documentos, revisi\u00f3n, servicios de asesoramiento, marketing y desarrollo empresarial, y gesti\u00f3n de instalaciones; o,<\/p><p>\u2013 por obligaciones legales o reglamentarias: en determinadas circunstancias, es posible que se nos solicite compartir Datos personales de conformidad con la ley o la normativa aplicable, incluidos los organismos reguladores, las auditor\u00edas fiscales y los procedimientos judiciales.<\/p><p><strong><u>Transferencias internacionales de datos personales (incluso a terceros proveedores de servicios)<\/u><\/strong><\/p><p>Es posible que necesitemos transferir sus Datos personales a nuestra subsidiaria ubicada en el extranjero para brindarle los servicios necesarios. No transferiremos sus Datos Personales a terceros ubicados en el extranjero sin su previo y expreso consentimiento.<\/p><p><strong><u>Cookie<\/u><\/strong><\/p><p>Una cookie es un peque\u00f1o archivo de texto que se coloca en su computadora o dispositivo m\u00f3vil cuando visita un sitio web, lo que nos permite: (i) reconocer su computadora; (ii) almacenar sus preferencias y configuraciones; (iii) comprender las p\u00e1ginas web que ha visitado; (iv) mejorar la experiencia del usuario entregando y midiendo la efectividad del contenido; y (v) ayudar en las funciones administrativas y de seguridad. Algunas cookies se colocan en la memoria cach\u00e9 del navegador, mientras que las asociadas con las tecnolog\u00edas Flash se almacenan con archivos de Adobe Flash Player. Al aceptar esta Pol\u00edtica, acepta que podemos usar cookies para mejorar su experiencia de navegaci\u00f3n en nuestro sitio web.<\/p><p><strong><u>Enlaces a otros sitios web<\/u><\/strong><\/p><p>El sitio web de Fidelity Translations, www.fidelity.com.br, puede contener enlaces a otros sitios web de terceros no afiliados. Tenga en cuenta que Fidelity Translations no es responsable ni puede controlar el contenido o las pr\u00e1cticas de privacidad y confidencialidad de los sitios web de terceros. Siempre debe revisar cuidadosamente la pol\u00edtica de privacidad de cualquier sitio web de terceros que pueda visitar para comprender c\u00f3mo los operadores de ese sitio web pueden recopilar, almacenar y usar sus Datos personales.<\/p><p><strong><u>Actualizaciones a esta Pol\u00edtica<\/u><\/strong><\/p><p>Esta Pol\u00edtica se actualiz\u00f3 por \u00faltima vez en la fecha que se indica a continuaci\u00f3n. Le informaremos cada vez que haya un cambio sustancial en esta Pol\u00edtica de privacidad.<\/p><p><strong><u>Reclamaci\u00f3n<\/u><\/strong><\/p><p>Si bien esperamos que no necesite hacer esto, si desea presentar una queja sobre nuestro uso de los Datos personales, env\u00ede un mensaje de correo electr\u00f3nico a dpo@fidelity.com.br detallando su queja.<\/p><p><strong><u>Contacto<\/u><\/strong><\/p><p>Si a\u00fan tiene dudas sobre la finalidad para la que utilizamos sus Datos Personales o si tiene alguna cr\u00edtica y\/o sugerencia, no dude en contactarnos a trav\u00e9s del correo electr\u00f3nico: dpo@fidelity.com.br.<\/p><p>Actualizaci\u00f3n de la pol\u00edtica de privacidad \u2013 16\/08\/2021.<\/p>\t\t\t\t\t\t\t\t<\/div>\n\t\t\t\t<\/div>\n\t\t\t\t\t<\/div>\n\t\t\t\t<\/div>\n\t\t\t\t<\/div>\n\t\t","protected":false},"excerpt":{"rendered":"<p>CONSULTA NUESTRA POL\u00cdTICA DE PRIVACIDAD Fidelity Translations valora la privacidad de quienes nos proporcionan sus Datos Personales. Esta Pol\u00edtica de privacidad (\u201cPol\u00edtica\u201d) describe c\u00f3mo y por qu\u00e9 motivos recopilamos, almacenamos y procesamos Datos personales y proporciona informaci\u00f3n sobre los derechos de los titulares. Esta Pol\u00edtica se aplica a los Datos personales que nos proporciona un [&hellip;]<\/p>\n","protected":false},"author":1,"featured_media":0,"parent":0,"menu_order":0,"comment_status":"closed","ping_status":"closed","template":"elementor_header_footer","meta":{"footnotes":""},"class_list":["post-582","page","type-page","status-publish","hentry"],"_links":{"self":[{"href":"https:\/\/www.fidelity.com.br\/es\/wp-json\/wp\/v2\/pages\/582","targetHints":{"allow":["GET"]}}],"collection":[{"href":"https:\/\/www.fidelity.com.br\/es\/wp-json\/wp\/v2\/pages"}],"about":[{"href":"https:\/\/www.fidelity.com.br\/es\/wp-json\/wp\/v2\/types\/page"}],"author":[{"embeddable":true,"href":"https:\/\/www.fidelity.com.br\/es\/wp-json\/wp\/v2\/users\/1"}],"replies":[{"embeddable":true,"href":"https:\/\/www.fidelity.com.br\/es\/wp-json\/wp\/v2\/comments?post=582"}],"version-history":[{"count":17,"href":"https:\/\/www.fidelity.com.br\/es\/wp-json\/wp\/v2\/pages\/582\/revisions"}],"predecessor-version":[{"id":7975,"href":"https:\/\/www.fidelity.com.br\/es\/wp-json\/wp\/v2\/pages\/582\/revisions\/7975"}],"wp:attachment":[{"href":"https:\/\/www.fidelity.com.br\/es\/wp-json\/wp\/v2\/media?parent=582"}],"curies":[{"name":"wp","href":"https:\/\/api.w.org\/{rel}","templated":true}]}}